{"id":44,"date":"2025-08-18T14:27:36","date_gmt":"2025-08-18T13:27:36","guid":{"rendered":"https:\/\/test.bendavroy.be\/?page_id=44"},"modified":"2025-10-24T09:07:04","modified_gmt":"2025-10-24T08:07:04","slug":"accueil","status":"publish","type":"page","link":"https:\/\/test.bendavroy.be\/","title":{"rendered":"Accueil"},"content":{"rendered":"\t\t<div data-elementor-type=\"wp-page\" data-elementor-id=\"44\" class=\"elementor elementor-44\">\n\t\t\t\t<div class=\"elementor-element elementor-element-db9ab8a e-flex e-con-boxed e-con e-parent\" data-id=\"db9ab8a\" data-element_type=\"container\" data-settings=\"{&quot;background_background&quot;:&quot;slideshow&quot;,&quot;background_slideshow_gallery&quot;:[{&quot;id&quot;:158,&quot;url&quot;:&quot;https:\\\/\\\/test.bendavroy.be\\\/wp-content\\\/uploads\\\/2025\\\/08\\\/IMG_3338-1-scaled.jpg&quot;}],&quot;background_slideshow_slide_duration&quot;:5000,&quot;background_slideshow_slide_transition&quot;:&quot;fade&quot;,&quot;background_slideshow_transition_duration&quot;:500}\">\n\t\t\t\t\t<div class=\"e-con-inner\">\n\t\t\t\t<div class=\"elementor-element elementor-element-ca1c05d elementor-widget elementor-widget-heading\" data-id=\"ca1c05d\" data-element_type=\"widget\" data-widget_type=\"heading.default\">\n\t\t\t\t\t<h1 class=\"elementor-heading-title elementor-size-default\">Bienvenue<\/h1>\t\t\t\t<\/div>\n\t\t\t\t\t<\/div>\n\t\t\t\t<\/div>\n\t\t<div class=\"elementor-element elementor-element-d2a17d6 e-flex e-con-boxed e-con e-parent\" data-id=\"d2a17d6\" data-element_type=\"container\">\n\t\t\t\t\t<div class=\"e-con-inner\">\n\t\t\t\t<div class=\"elementor-element elementor-element-93e8a36 elementor-widget elementor-widget-heading\" data-id=\"93e8a36\" data-element_type=\"widget\" data-widget_type=\"heading.default\">\n\t\t\t\t\t<h2 class=\"elementor-heading-title elementor-size-default\">Unit\u00e9 pastorale  Saint-Beno\u00eet aux portes d'Avroy<\/h2>\t\t\t\t<\/div>\n\t\t\t\t\t<\/div>\n\t\t\t\t<\/div>\n\t\t<div class=\"elementor-element elementor-element-c664439 e-flex e-con-boxed e-con e-parent\" data-id=\"c664439\" data-element_type=\"container\" data-settings=\"{&quot;background_background&quot;:&quot;classic&quot;}\">\n\t\t\t\t\t<div class=\"e-con-inner\">\n\t\t\t\t<div class=\"elementor-element elementor-element-25fa776 elementor-widget elementor-widget-text-editor\" data-id=\"25fa776\" data-element_type=\"widget\" data-widget_type=\"text-editor.default\">\n\t\t\t\t\t\t\t\t\t<p><span style=\"font-weight: 400;\">L&rsquo;Unit\u00e9 pastorale Saint-Beno\u00eet aux portes d\u2019Avroy est un ensemble de quatre paroisses catholiques. Elle comprend les \u00e9glises Notre-Dame du Saint-Rosaire (Sclessin), du Sacr\u00e9-C\u0153ur et Notre-Dame de Lourdes (Cointe), Sainte-Marie des Anges et Sainte-V\u00e9ronique.\u00a0<\/span><\/p><p>Notre r\u00eave&#8230; incarner une communaut\u00e9 en phase avec l\u2019\u00c9vangile&#8230;<\/p>\t\t\t\t\t\t\t\t<\/div>\n\t\t\t\t\t<\/div>\n\t\t\t\t<\/div>\n\t\t<div class=\"elementor-element elementor-element-a591687 e-flex e-con-boxed e-con e-parent\" data-id=\"a591687\" data-element_type=\"container\">\n\t\t\t\t\t<div class=\"e-con-inner\">\n\t\t\t\t<div class=\"elementor-element elementor-element-c33cf75 elementor-button-info elementor-widget elementor-widget-button\" data-id=\"c33cf75\" data-element_type=\"widget\" data-widget_type=\"button.default\">\n\t\t\t\t\t\t\t\t\t\t<a class=\"elementor-button elementor-button-link elementor-size-sm\" href=\"https:\/\/test.bendavroy.be\/index.php\/presentation\/\">\n\t\t\t\t\t\t<span class=\"elementor-button-content-wrapper\">\n\t\t\t\t\t\t<span class=\"elementor-button-icon\">\n\t\t\t\t<svg aria-hidden=\"true\" class=\"e-font-icon-svg e-fas-plus-circle\" viewBox=\"0 0 512 512\" xmlns=\"http:\/\/www.w3.org\/2000\/svg\"><path d=\"M256 8C119 8 8 119 8 256s111 248 248 248 248-111 248-248S393 8 256 8zm144 276c0 6.6-5.4 12-12 12h-92v92c0 6.6-5.4 12-12 12h-56c-6.6 0-12-5.4-12-12v-92h-92c-6.6 0-12-5.4-12-12v-56c0-6.6 5.4-12 12-12h92v-92c0-6.6 5.4-12 12-12h56c6.6 0 12 5.4 12 12v92h92c6.6 0 12 5.4 12 12v56z\"><\/path><\/svg>\t\t\t<\/span>\n\t\t\t\t\t\t\t\t\t<span class=\"elementor-button-text\">En savoir plus <\/span>\n\t\t\t\t\t<\/span>\n\t\t\t\t\t<\/a>\n\t\t\t\t\t\t\t\t<\/div>\n\t\t\t\t\t<\/div>\n\t\t\t\t<\/div>\n\t\t<div class=\"elementor-element elementor-element-69ae644 e-flex e-con-boxed e-con e-parent\" data-id=\"69ae644\" data-element_type=\"container\">\n\t\t\t\t\t<div class=\"e-con-inner\">\n\t\t\t\t<div class=\"elementor-element elementor-element-b17eaa7 elementor-widget elementor-widget-heading\" data-id=\"b17eaa7\" data-element_type=\"widget\" data-widget_type=\"heading.default\">\n\t\t\t\t\t<h2 class=\"elementor-heading-title elementor-size-default\">Horaires<\/h2>\t\t\t\t<\/div>\n\t\t\t\t\t<\/div>\n\t\t\t\t<\/div>\n\t\t<div class=\"elementor-element elementor-element-c156aa4 e-flex e-con-boxed e-con e-parent\" data-id=\"c156aa4\" data-element_type=\"container\">\n\t\t\t\t\t<div class=\"e-con-inner\">\n\t\t\t\t<div class=\"elementor-element elementor-element-33c005b elementor-widget elementor-widget-text-editor\" data-id=\"33c005b\" data-element_type=\"widget\" data-widget_type=\"text-editor.default\">\n\t\t\t\t\t\t\t\t\t<p>Permanences les mardis et vendredi de\u00a0<\/p>\t\t\t\t\t\t\t\t<\/div>\n\t\t\t\t\t<\/div>\n\t\t\t\t<\/div>\n\t\t<div class=\"elementor-element elementor-element-84cd5b5 e-flex e-con-boxed e-con e-parent\" data-id=\"84cd5b5\" data-element_type=\"container\">\n\t\t\t\t\t<div class=\"e-con-inner\">\n\t\t<div class=\"elementor-element elementor-element-bf83949 e-con-full e-flex e-con e-child\" data-id=\"bf83949\" data-element_type=\"container\" data-settings=\"{&quot;background_background&quot;:&quot;slideshow&quot;,&quot;background_slideshow_gallery&quot;:[{&quot;id&quot;:97,&quot;url&quot;:&quot;https:\\\/\\\/test.bendavroy.be\\\/wp-content\\\/uploads\\\/2025\\\/08\\\/eglise-de-sclessin.jpeg&quot;}],&quot;background_slideshow_loop&quot;:&quot;yes&quot;,&quot;background_slideshow_slide_duration&quot;:5000,&quot;background_slideshow_slide_transition&quot;:&quot;fade&quot;,&quot;background_slideshow_transition_duration&quot;:500}\">\n\t\t\t\t<div class=\"elementor-element elementor-element-4b7f8c8 elementor-widget elementor-widget-heading\" data-id=\"4b7f8c8\" data-element_type=\"widget\" data-widget_type=\"heading.default\">\n\t\t\t\t\t<h3 class=\"elementor-heading-title elementor-size-default\"><a href=\"https:\/\/test.bendavroy.be\/index.php\/2025\/09\/08\/notre-dame-du-saint-rosaire\/\">Notre-Dame du Saint-Rosaire<\/a><\/h3>\t\t\t\t<\/div>\n\t\t\t\t<\/div>\n\t\t<div class=\"elementor-element elementor-element-eb34720 e-con-full e-flex e-con e-child\" data-id=\"eb34720\" data-element_type=\"container\" data-settings=\"{&quot;background_background&quot;:&quot;slideshow&quot;,&quot;background_slideshow_gallery&quot;:[{&quot;id&quot;:318,&quot;url&quot;:&quot;https:\\\/\\\/test.bendavroy.be\\\/wp-content\\\/uploads\\\/2025\\\/09\\\/IMG_3977.jpg&quot;}],&quot;background_slideshow_loop&quot;:&quot;yes&quot;,&quot;background_slideshow_slide_duration&quot;:5000,&quot;background_slideshow_slide_transition&quot;:&quot;fade&quot;,&quot;background_slideshow_transition_duration&quot;:500}\">\n\t\t\t\t<div class=\"elementor-element elementor-element-3eb3516 elementor-widget elementor-widget-heading\" data-id=\"3eb3516\" data-element_type=\"widget\" data-widget_type=\"heading.default\">\n\t\t\t\t\t<h3 class=\"elementor-heading-title elementor-size-default\"><a href=\"https:\/\/test.bendavroy.be\/index.php\/2025\/09\/08\/sacre-coeur-et-notre-dame-de-lourdes\/\">Sacr\u00e9-Coeur et Notre-Dame de Lourdes<\/a><\/h3>\t\t\t\t<\/div>\n\t\t\t\t<\/div>\n\t\t<div class=\"elementor-element elementor-element-da60242 e-con-full e-flex e-con e-child\" data-id=\"da60242\" data-element_type=\"container\" data-settings=\"{&quot;background_background&quot;:&quot;slideshow&quot;,&quot;background_slideshow_gallery&quot;:[{&quot;id&quot;:95,&quot;url&quot;:&quot;https:\\\/\\\/test.bendavroy.be\\\/wp-content\\\/uploads\\\/2025\\\/08\\\/eglise-de-sainte-marie.jpeg&quot;}],&quot;background_slideshow_loop&quot;:&quot;yes&quot;,&quot;background_slideshow_slide_duration&quot;:5000,&quot;background_slideshow_slide_transition&quot;:&quot;fade&quot;,&quot;background_slideshow_transition_duration&quot;:500}\">\n\t\t\t\t<div class=\"elementor-element elementor-element-1b193ca elementor-widget elementor-widget-heading\" data-id=\"1b193ca\" data-element_type=\"widget\" data-widget_type=\"heading.default\">\n\t\t\t\t\t<h3 class=\"elementor-heading-title elementor-size-default\"><a href=\"https:\/\/test.bendavroy.be\/index.php\/2025\/09\/08\/sainte-marie-des-anges\/\">Sainte-Marie des Anges<\/a><\/h3>\t\t\t\t<\/div>\n\t\t\t\t<\/div>\n\t\t<div class=\"elementor-element elementor-element-f1bec23 e-con-full e-flex e-con e-child\" data-id=\"f1bec23\" data-element_type=\"container\" data-settings=\"{&quot;background_background&quot;:&quot;slideshow&quot;,&quot;background_slideshow_gallery&quot;:[{&quot;id&quot;:96,&quot;url&quot;:&quot;https:\\\/\\\/test.bendavroy.be\\\/wp-content\\\/uploads\\\/2025\\\/08\\\/eglise-de-sainte-veronique.jpeg&quot;}],&quot;background_slideshow_loop&quot;:&quot;yes&quot;,&quot;background_slideshow_slide_duration&quot;:5000,&quot;background_slideshow_slide_transition&quot;:&quot;fade&quot;,&quot;background_slideshow_transition_duration&quot;:500}\">\n\t\t\t\t<div class=\"elementor-element elementor-element-5198b59 elementor-widget elementor-widget-heading\" data-id=\"5198b59\" data-element_type=\"widget\" data-widget_type=\"heading.default\">\n\t\t\t\t\t<h3 class=\"elementor-heading-title elementor-size-default\"><a href=\"https:\/\/test.bendavroy.be\/index.php\/2025\/09\/08\/sainte-veronique\/\">Sainte-V\u00e9ronique<\/a><\/h3>\t\t\t\t<\/div>\n\t\t\t\t<\/div>\n\t\t\t\t\t<\/div>\n\t\t\t\t<\/div>\n\t\t<div class=\"elementor-element elementor-element-c9c198b e-flex e-con-boxed e-con e-parent\" data-id=\"c9c198b\" data-element_type=\"container\">\n\t\t\t\t\t<div class=\"e-con-inner\">\n\t\t<div class=\"elementor-element elementor-element-46f222d e-con-full e-flex e-con e-child\" data-id=\"46f222d\" data-element_type=\"container\">\n\t\t\t\t<div class=\"elementor-element elementor-element-52ab820 elementor-align-center elementor-widget elementor-widget-button\" data-id=\"52ab820\" data-element_type=\"widget\" data-widget_type=\"button.default\">\n\t\t\t\t\t\t\t\t\t\t<a class=\"elementor-button elementor-button-link elementor-size-sm\" href=\"https:\/\/test.bendavroy.be\/index.php\/2025\/09\/09\/annonces\/\">\n\t\t\t\t\t\t<span class=\"elementor-button-content-wrapper\">\n\t\t\t\t\t\t\t\t\t<span class=\"elementor-button-text\">ANNONCES<\/span>\n\t\t\t\t\t<\/span>\n\t\t\t\t\t<\/a>\n\t\t\t\t\t\t\t\t<\/div>\n\t\t\t\t<\/div>\n\t\t<div class=\"elementor-element elementor-element-6125979 e-con-full e-flex e-con e-child\" data-id=\"6125979\" data-element_type=\"container\">\n\t\t\t\t<div class=\"elementor-element elementor-element-bf198a8 elementor-align-center elementor-widget elementor-widget-button\" data-id=\"bf198a8\" data-element_type=\"widget\" data-widget_type=\"button.default\">\n\t\t\t\t\t\t\t\t\t\t<a class=\"elementor-button elementor-button-link elementor-size-sm\" href=\"https:\/\/test.bendavroy.be\/index.php\/2025\/09\/09\/chronique\/\">\n\t\t\t\t\t\t<span class=\"elementor-button-content-wrapper\">\n\t\t\t\t\t\t\t\t\t<span class=\"elementor-button-text\">CHRONIQUE<\/span>\n\t\t\t\t\t<\/span>\n\t\t\t\t\t<\/a>\n\t\t\t\t\t\t\t\t<\/div>\n\t\t\t\t<\/div>\n\t\t\t\t\t<\/div>\n\t\t\t\t<\/div>\n\t\t<div class=\"elementor-element elementor-element-da8b08c e-flex e-con-boxed e-con e-parent\" data-id=\"da8b08c\" data-element_type=\"container\">\n\t\t\t\t\t<div class=\"e-con-inner\">\n\t\t\t\t<div class=\"elementor-element elementor-element-a8772dc elementor-widget elementor-widget-heading\" data-id=\"a8772dc\" data-element_type=\"widget\" data-widget_type=\"heading.default\">\n\t\t\t\t\t<h2 class=\"elementor-heading-title elementor-size-default\">Activit\u00e9s<\/h2>\t\t\t\t<\/div>\n\t\t\t\t\t<\/div>\n\t\t\t\t<\/div>\n\t\t<div class=\"elementor-element elementor-element-d453487 e-grid e-con-full e-con e-parent\" data-id=\"d453487\" data-element_type=\"container\">\n\t\t\t\t<\/div>\n\t\t<div class=\"elementor-element elementor-element-5b12faf e-grid e-con-boxed e-con e-parent\" data-id=\"5b12faf\" data-element_type=\"container\">\n\t\t\t\t\t<div class=\"e-con-inner\">\n\t\t\t\t<div class=\"elementor-element elementor-element-5c5849e elementor-widget elementor-widget-heading\" data-id=\"5c5849e\" data-element_type=\"widget\" data-widget_type=\"heading.default\">\n\t\t\t\t\t<h2 class=\"elementor-heading-title elementor-size-default\">C\u00e9l\u00e9bration de rentr\u00e9e<\/h2>\t\t\t\t<\/div>\n\t\t\t\t<div class=\"elementor-element elementor-element-593f534 elementor-widget elementor-widget-heading\" data-id=\"593f534\" data-element_type=\"widget\" data-widget_type=\"heading.default\">\n\t\t\t\t\t<h2 class=\"elementor-heading-title elementor-size-default\">Le Temps pour la cr\u00e9ation<\/h2>\t\t\t\t<\/div>\n\t\t\t\t<div class=\"elementor-element elementor-element-82e9553 elementor-widget elementor-widget-heading\" data-id=\"82e9553\" data-element_type=\"widget\" data-widget_type=\"heading.default\">\n\t\t\t\t\t<h2 class=\"elementor-heading-title elementor-size-default\">World clean up day<\/h2>\t\t\t\t<\/div>\n\t\t\t\t\t<\/div>\n\t\t\t\t<\/div>\n\t\t<div class=\"elementor-element elementor-element-e0b5154 e-grid e-con-boxed e-con e-parent\" data-id=\"e0b5154\" data-element_type=\"container\">\n\t\t\t\t\t<div class=\"e-con-inner\">\n\t\t<div class=\"elementor-element elementor-element-2ec76e4 e-con-full e-flex e-con e-child\" data-id=\"2ec76e4\" data-element_type=\"container\">\n\t\t\t\t<div class=\"elementor-element elementor-element-9eafd0a elementor-widget elementor-widget-text-editor\" data-id=\"9eafd0a\" data-element_type=\"widget\" data-widget_type=\"text-editor.default\">\n\t\t\t\t\t\t\t\t\t<p>Lorem ipsum dolor sit amet, consectetur adipiscing elit. Ut elit tellus, luctus nec ullamcorper mattis, pulvinar dapibus leo.<\/p>\t\t\t\t\t\t\t\t<\/div>\n\t\t\t\t<\/div>\n\t\t<div class=\"elementor-element elementor-element-86a7ac9 e-con-full e-flex e-con e-child\" data-id=\"86a7ac9\" data-element_type=\"container\">\n\t\t\t\t<div class=\"elementor-element elementor-element-aa6448d elementor-widget elementor-widget-text-editor\" data-id=\"aa6448d\" data-element_type=\"widget\" data-widget_type=\"text-editor.default\">\n\t\t\t\t\t\t\t\t\t<p>Lorem ipsum dolor sit amet, consectetur adipiscing elit. Ut elit tellus, luctus nec ullamcorper mattis, pulvinar dapibus leo.<\/p>\t\t\t\t\t\t\t\t<\/div>\n\t\t\t\t<\/div>\n\t\t<div class=\"elementor-element elementor-element-2f25288 e-con-full e-flex e-con e-child\" data-id=\"2f25288\" data-element_type=\"container\">\n\t\t\t\t<div class=\"elementor-element elementor-element-7b6d061 elementor-widget elementor-widget-text-editor\" data-id=\"7b6d061\" data-element_type=\"widget\" data-widget_type=\"text-editor.default\">\n\t\t\t\t\t\t\t\t\t<p>Lorem ipsum dolor sit amet, consectetur adipiscing elit. Ut elit tellus, luctus nec ullamcorper mattis, pulvinar dapibus leo.<\/p>\t\t\t\t\t\t\t\t<\/div>\n\t\t\t\t<\/div>\n\t\t\t\t\t<\/div>\n\t\t\t\t<\/div>\n\t\t\t\t<\/div>\n\t\t","protected":false},"excerpt":{"rendered":"<p>Bienvenue Unit\u00e9 pastorale Saint-Beno\u00eet aux portes d&rsquo;Avroy L&rsquo;Unit\u00e9 pastorale Saint-Beno\u00eet aux portes d\u2019Avroy est un ensemble de quatre paroisses catholiques. Elle comprend les \u00e9glises Notre-Dame du Saint-Rosaire (Sclessin), du Sacr\u00e9-C\u0153ur&#8230;<\/p>\n","protected":false},"author":2,"featured_media":0,"parent":0,"menu_order":0,"comment_status":"closed","ping_status":"closed","template":"","meta":{"_kad_post_transparent":"","_kad_post_title":"","_kad_post_layout":"","_kad_post_sidebar_id":"","_kad_post_content_style":"","_kad_post_vertical_padding":"","_kad_post_feature":"","_kad_post_feature_position":"","_kad_post_header":false,"_kad_post_footer":false,"_kad_post_classname":"","footnotes":""},"class_list":["post-44","page","type-page","status-publish","hentry"],"_links":{"self":[{"href":"https:\/\/test.bendavroy.be\/index.php\/wp-json\/wp\/v2\/pages\/44","targetHints":{"allow":["GET"]}}],"collection":[{"href":"https:\/\/test.bendavroy.be\/index.php\/wp-json\/wp\/v2\/pages"}],"about":[{"href":"https:\/\/test.bendavroy.be\/index.php\/wp-json\/wp\/v2\/types\/page"}],"author":[{"embeddable":true,"href":"https:\/\/test.bendavroy.be\/index.php\/wp-json\/wp\/v2\/users\/2"}],"replies":[{"embeddable":true,"href":"https:\/\/test.bendavroy.be\/index.php\/wp-json\/wp\/v2\/comments?post=44"}],"version-history":[{"count":246,"href":"https:\/\/test.bendavroy.be\/index.php\/wp-json\/wp\/v2\/pages\/44\/revisions"}],"predecessor-version":[{"id":583,"href":"https:\/\/test.bendavroy.be\/index.php\/wp-json\/wp\/v2\/pages\/44\/revisions\/583"}],"wp:attachment":[{"href":"https:\/\/test.bendavroy.be\/index.php\/wp-json\/wp\/v2\/media?parent=44"}],"curies":[{"name":"wp","href":"https:\/\/api.w.org\/{rel}","templated":true}]}}