{"id":49,"date":"2025-08-18T14:31:01","date_gmt":"2025-08-18T13:31:01","guid":{"rendered":"https:\/\/test.bendavroy.be\/?page_id=49"},"modified":"2025-10-26T18:27:08","modified_gmt":"2025-10-26T17:27:08","slug":"presentation","status":"publish","type":"page","link":"https:\/\/test.bendavroy.be\/index.php\/presentation\/","title":{"rendered":"Pr\u00e9sentation"},"content":{"rendered":"<p>Pour incarner une communaut\u00e9 en phase avec l\u2019Evangile, nous souhaitons \u00eatre :<\/p>\n<p>&#8211; une communaut\u00e9 accueillante, ouverte \u00e0 tous et \u00e0 l\u2019inattendu o\u00f9 on a bon d\u2019\u00eatre ensemble <br \/>&#8211; une communaut\u00e9 qui t\u00e9moigne du go\u00fbt de vivre de l\u2019\u00e9vangile et donne envie de la rejoindre et d\u2019y \u00eatre actif<br \/>&#8211; une communaut\u00e9 qui avance sur le chemin d\u2019une conversion pastorale et missionnaire \u00e0 l\u2019\u00e9coute des besoins de nos contemporains.<br \/>&#8211; une communaut\u00e9 qui propose une alternative spirituelle au mat\u00e9rialisme actuel en adaptant ses pratiques.<\/p>\n","protected":false},"excerpt":{"rendered":"<p>Pour incarner une communaut\u00e9 en phase avec l\u2019Evangile, nous souhaitons \u00eatre : &#8211; une communaut\u00e9 accueillante, ouverte \u00e0 tous et \u00e0 l\u2019inattendu o\u00f9 on a bon d\u2019\u00eatre ensemble &#8211; une&#8230;<\/p>\n","protected":false},"author":2,"featured_media":0,"parent":0,"menu_order":0,"comment_status":"closed","ping_status":"closed","template":"","meta":{"_kad_post_transparent":"","_kad_post_title":"","_kad_post_layout":"","_kad_post_sidebar_id":"","_kad_post_content_style":"","_kad_post_vertical_padding":"","_kad_post_feature":"","_kad_post_feature_position":"","_kad_post_header":false,"_kad_post_footer":false,"_kad_post_classname":"","footnotes":""},"class_list":["post-49","page","type-page","status-publish","hentry"],"_links":{"self":[{"href":"https:\/\/test.bendavroy.be\/index.php\/wp-json\/wp\/v2\/pages\/49","targetHints":{"allow":["GET"]}}],"collection":[{"href":"https:\/\/test.bendavroy.be\/index.php\/wp-json\/wp\/v2\/pages"}],"about":[{"href":"https:\/\/test.bendavroy.be\/index.php\/wp-json\/wp\/v2\/types\/page"}],"author":[{"embeddable":true,"href":"https:\/\/test.bendavroy.be\/index.php\/wp-json\/wp\/v2\/users\/2"}],"replies":[{"embeddable":true,"href":"https:\/\/test.bendavroy.be\/index.php\/wp-json\/wp\/v2\/comments?post=49"}],"version-history":[{"count":7,"href":"https:\/\/test.bendavroy.be\/index.php\/wp-json\/wp\/v2\/pages\/49\/revisions"}],"predecessor-version":[{"id":566,"href":"https:\/\/test.bendavroy.be\/index.php\/wp-json\/wp\/v2\/pages\/49\/revisions\/566"}],"wp:attachment":[{"href":"https:\/\/test.bendavroy.be\/index.php\/wp-json\/wp\/v2\/media?parent=49"}],"curies":[{"name":"wp","href":"https:\/\/api.w.org\/{rel}","templated":true}]}}